{"id":5215,"date":"2017-12-13T16:28:26","date_gmt":"2017-12-13T15:28:26","guid":{"rendered":"https:\/\/famed.com.pl\/job_offers\/"},"modified":"2020-05-20T13:00:14","modified_gmt":"2020-05-20T11:00:14","slug":"vakansii","status":"publish","type":"page","link":"https:\/\/famed.com.pl\/ru\/vakansii\/","title":{"rendered":"\u0412\u0430\u043a\u0430\u043d\u0441\u0438\u0438"},"content":{"rendered":"","protected":false},"excerpt":{"rendered":"","protected":false},"author":1,"featured_media":0,"parent":0,"menu_order":0,"comment_status":"closed","ping_status":"closed","template":"offer-list.php","meta":{"inline_featured_image":false,"footnotes":""},"class_list":["post-5215","page","type-page","status-publish","hentry"],"yoast_head":"<!-- This site is optimized with the Yoast SEO plugin v25.3 - https:\/\/yoast.com\/wordpress\/plugins\/seo\/ -->\n<title>\u0412\u0430\u043a\u0430\u043d\u0441\u0438\u0438 | Famed \u017bywiec<\/title>\n<meta name=\"robots\" content=\"index, follow, max-snippet:-1, max-image-preview:large, max-video-preview:-1\" \/>\n<link rel=\"canonical\" href=\"https:\/\/famed.com.pl\/ru\/vakansii\/\" \/>\n<meta property=\"og:locale\" content=\"ru_RU\" \/>\n<meta property=\"og:type\" content=\"article\" \/>\n<meta property=\"og:title\" content=\"\u0412\u0430\u043a\u0430\u043d\u0441\u0438\u0438 | Famed \u017bywiec\" \/>\n<meta property=\"og:url\" content=\"https:\/\/famed.com.pl\/ru\/vakansii\/\" \/>\n<meta property=\"article:publisher\" content=\"https:\/\/www.facebook.com\/famedzywiec.spzoo\/\" \/>\n<meta property=\"article:modified_time\" content=\"2020-05-20T11:00:14+00:00\" \/>\n<meta name=\"twitter:card\" content=\"summary_large_image\" \/>\n<meta name=\"twitter:site\" content=\"@famedzywiec\" \/>\n<script type=\"application\/ld+json\" class=\"yoast-schema-graph\">{\"@context\":\"https:\/\/schema.org\",\"@graph\":[{\"@type\":\"WebPage\",\"@id\":\"https:\/\/famed.com.pl\/ru\/vakansii\/\",\"url\":\"https:\/\/famed.com.pl\/ru\/vakansii\/\",\"name\":\"\u0412\u0430\u043a\u0430\u043d\u0441\u0438\u0438 | Famed \u017bywiec\",\"isPartOf\":{\"@id\":\"https:\/\/famed.com.pl\/#website\"},\"datePublished\":\"2017-12-13T15:28:26+00:00\",\"dateModified\":\"2020-05-20T11:00:14+00:00\",\"breadcrumb\":{\"@id\":\"https:\/\/famed.com.pl\/ru\/vakansii\/#breadcrumb\"},\"inLanguage\":\"ru-RU\",\"potentialAction\":[{\"@type\":\"ReadAction\",\"target\":[\"https:\/\/famed.com.pl\/ru\/vakansii\/\"]}]},{\"@type\":\"BreadcrumbList\",\"@id\":\"https:\/\/famed.com.pl\/ru\/vakansii\/#breadcrumb\",\"itemListElement\":[{\"@type\":\"ListItem\",\"position\":1,\"name\":\"Strona g\u0142\u00f3wna\",\"item\":\"https:\/\/famed.com.pl\/ru\/\"},{\"@type\":\"ListItem\",\"position\":2,\"name\":\"\u0412\u0430\u043a\u0430\u043d\u0441\u0438\u0438\"}]},{\"@type\":\"WebSite\",\"@id\":\"https:\/\/famed.com.pl\/#website\",\"url\":\"https:\/\/famed.com.pl\/\",\"name\":\"\",\"description\":\"Sto\u0142y operacyjne, \u0142\u00f3\u017cka ICU, \u0142\u00f3\u017cka porodowe\",\"publisher\":{\"@id\":\"https:\/\/famed.com.pl\/#organization\"},\"potentialAction\":[{\"@type\":\"SearchAction\",\"target\":{\"@type\":\"EntryPoint\",\"urlTemplate\":\"https:\/\/famed.com.pl\/?s={search_term_string}\"},\"query-input\":{\"@type\":\"PropertyValueSpecification\",\"valueRequired\":true,\"valueName\":\"search_term_string\"}}],\"inLanguage\":\"ru-RU\"},{\"@type\":\"Organization\",\"@id\":\"https:\/\/famed.com.pl\/#organization\",\"name\":\"Famed \u017bywiec\",\"url\":\"https:\/\/famed.com.pl\/\",\"logo\":{\"@type\":\"ImageObject\",\"inLanguage\":\"ru-RU\",\"@id\":\"https:\/\/famed.com.pl\/#\/schema\/logo\/image\/\",\"url\":\"https:\/\/famed.com.pl\/wp-content\/uploads\/2018\/01\/FAMED_logo_tagline_ZYWIEC_RGB.jpg\",\"contentUrl\":\"https:\/\/famed.com.pl\/wp-content\/uploads\/2018\/01\/FAMED_logo_tagline_ZYWIEC_RGB.jpg\",\"width\":1732,\"height\":664,\"caption\":\"Famed \u017bywiec\"},\"image\":{\"@id\":\"https:\/\/famed.com.pl\/#\/schema\/logo\/image\/\"},\"sameAs\":[\"https:\/\/www.facebook.com\/famedzywiec.spzoo\/\",\"https:\/\/x.com\/famedzywiec\",\"https:\/\/www.linkedin.com\/company\/394627\",\"https:\/\/www.youtube.com\/user\/famedzywiec\"]}]}<\/script>\n<!-- \/ Yoast SEO plugin. -->","yoast_head_json":{"title":"\u0412\u0430\u043a\u0430\u043d\u0441\u0438\u0438 | Famed \u017bywiec","robots":{"index":"index","follow":"follow","max-snippet":"max-snippet:-1","max-image-preview":"max-image-preview:large","max-video-preview":"max-video-preview:-1"},"canonical":"https:\/\/famed.com.pl\/ru\/vakansii\/","og_locale":"ru_RU","og_type":"article","og_title":"\u0412\u0430\u043a\u0430\u043d\u0441\u0438\u0438 | Famed \u017bywiec","og_url":"https:\/\/famed.com.pl\/ru\/vakansii\/","article_publisher":"https:\/\/www.facebook.com\/famedzywiec.spzoo\/","article_modified_time":"2020-05-20T11:00:14+00:00","twitter_card":"summary_large_image","twitter_site":"@famedzywiec","schema":{"@context":"https:\/\/schema.org","@graph":[{"@type":"WebPage","@id":"https:\/\/famed.com.pl\/ru\/vakansii\/","url":"https:\/\/famed.com.pl\/ru\/vakansii\/","name":"\u0412\u0430\u043a\u0430\u043d\u0441\u0438\u0438 | Famed \u017bywiec","isPartOf":{"@id":"https:\/\/famed.com.pl\/#website"},"datePublished":"2017-12-13T15:28:26+00:00","dateModified":"2020-05-20T11:00:14+00:00","breadcrumb":{"@id":"https:\/\/famed.com.pl\/ru\/vakansii\/#breadcrumb"},"inLanguage":"ru-RU","potentialAction":[{"@type":"ReadAction","target":["https:\/\/famed.com.pl\/ru\/vakansii\/"]}]},{"@type":"BreadcrumbList","@id":"https:\/\/famed.com.pl\/ru\/vakansii\/#breadcrumb","itemListElement":[{"@type":"ListItem","position":1,"name":"Strona g\u0142\u00f3wna","item":"https:\/\/famed.com.pl\/ru\/"},{"@type":"ListItem","position":2,"name":"\u0412\u0430\u043a\u0430\u043d\u0441\u0438\u0438"}]},{"@type":"WebSite","@id":"https:\/\/famed.com.pl\/#website","url":"https:\/\/famed.com.pl\/","name":"","description":"Sto\u0142y operacyjne, \u0142\u00f3\u017cka ICU, \u0142\u00f3\u017cka porodowe","publisher":{"@id":"https:\/\/famed.com.pl\/#organization"},"potentialAction":[{"@type":"SearchAction","target":{"@type":"EntryPoint","urlTemplate":"https:\/\/famed.com.pl\/?s={search_term_string}"},"query-input":{"@type":"PropertyValueSpecification","valueRequired":true,"valueName":"search_term_string"}}],"inLanguage":"ru-RU"},{"@type":"Organization","@id":"https:\/\/famed.com.pl\/#organization","name":"Famed \u017bywiec","url":"https:\/\/famed.com.pl\/","logo":{"@type":"ImageObject","inLanguage":"ru-RU","@id":"https:\/\/famed.com.pl\/#\/schema\/logo\/image\/","url":"https:\/\/famed.com.pl\/wp-content\/uploads\/2018\/01\/FAMED_logo_tagline_ZYWIEC_RGB.jpg","contentUrl":"https:\/\/famed.com.pl\/wp-content\/uploads\/2018\/01\/FAMED_logo_tagline_ZYWIEC_RGB.jpg","width":1732,"height":664,"caption":"Famed \u017bywiec"},"image":{"@id":"https:\/\/famed.com.pl\/#\/schema\/logo\/image\/"},"sameAs":["https:\/\/www.facebook.com\/famedzywiec.spzoo\/","https:\/\/x.com\/famedzywiec","https:\/\/www.linkedin.com\/company\/394627","https:\/\/www.youtube.com\/user\/famedzywiec"]}]}},"_links":{"self":[{"href":"https:\/\/famed.com.pl\/ru\/wp-json\/wp\/v2\/pages\/5215","targetHints":{"allow":["GET"]}}],"collection":[{"href":"https:\/\/famed.com.pl\/ru\/wp-json\/wp\/v2\/pages"}],"about":[{"href":"https:\/\/famed.com.pl\/ru\/wp-json\/wp\/v2\/types\/page"}],"author":[{"embeddable":true,"href":"https:\/\/famed.com.pl\/ru\/wp-json\/wp\/v2\/users\/1"}],"replies":[{"embeddable":true,"href":"https:\/\/famed.com.pl\/ru\/wp-json\/wp\/v2\/comments?post=5215"}],"version-history":[{"count":3,"href":"https:\/\/famed.com.pl\/ru\/wp-json\/wp\/v2\/pages\/5215\/revisions"}],"predecessor-version":[{"id":8830,"href":"https:\/\/famed.com.pl\/ru\/wp-json\/wp\/v2\/pages\/5215\/revisions\/8830"}],"wp:attachment":[{"href":"https:\/\/famed.com.pl\/ru\/wp-json\/wp\/v2\/media?parent=5215"}],"curies":[{"name":"wp","href":"https:\/\/api.w.org\/{rel}","templated":true}]}}