{"id":5232,"date":"2017-07-31T10:13:22","date_gmt":"2017-07-31T08:13:22","guid":{"rendered":"https:\/\/famed.com.pl\/list_of_news\/"},"modified":"2020-05-20T13:16:27","modified_gmt":"2020-05-20T11:16:27","slug":"liste-des-actualites","status":"publish","type":"page","link":"https:\/\/famed.com.pl\/fr\/liste-des-actualites\/","title":{"rendered":"Liste des actualit\u00e9s"},"content":{"rendered":"","protected":false},"excerpt":{"rendered":"","protected":false},"author":1,"featured_media":0,"parent":0,"menu_order":0,"comment_status":"closed","ping_status":"closed","template":"news-list.php","meta":{"inline_featured_image":false,"footnotes":""},"class_list":["post-5232","page","type-page","status-publish","hentry"],"yoast_head":"<!-- This site is optimized with the Yoast SEO plugin v25.3 - https:\/\/yoast.com\/wordpress\/plugins\/seo\/ -->\n<title>Liste des actualit\u00e9s | Famed \u017bywiec<\/title>\n<meta name=\"robots\" content=\"index, follow, max-snippet:-1, max-image-preview:large, max-video-preview:-1\" \/>\n<link rel=\"canonical\" href=\"https:\/\/famed.com.pl\/fr\/liste-des-actualites\/\" \/>\n<meta property=\"og:locale\" content=\"fr_FR\" \/>\n<meta property=\"og:type\" content=\"article\" \/>\n<meta property=\"og:title\" content=\"Liste des actualit\u00e9s | Famed \u017bywiec\" \/>\n<meta property=\"og:url\" content=\"https:\/\/famed.com.pl\/fr\/liste-des-actualites\/\" \/>\n<meta property=\"article:publisher\" content=\"https:\/\/www.facebook.com\/famedzywiec.spzoo\/\" \/>\n<meta property=\"article:modified_time\" content=\"2020-05-20T11:16:27+00:00\" \/>\n<meta name=\"twitter:card\" content=\"summary_large_image\" \/>\n<meta name=\"twitter:site\" content=\"@famedzywiec\" \/>\n<script type=\"application\/ld+json\" class=\"yoast-schema-graph\">{\"@context\":\"https:\/\/schema.org\",\"@graph\":[{\"@type\":\"WebPage\",\"@id\":\"https:\/\/famed.com.pl\/fr\/liste-des-actualites\/\",\"url\":\"https:\/\/famed.com.pl\/fr\/liste-des-actualites\/\",\"name\":\"Liste des actualit\u00e9s | Famed \u017bywiec\",\"isPartOf\":{\"@id\":\"https:\/\/famed.com.pl\/#website\"},\"datePublished\":\"2017-07-31T08:13:22+00:00\",\"dateModified\":\"2020-05-20T11:16:27+00:00\",\"breadcrumb\":{\"@id\":\"https:\/\/famed.com.pl\/fr\/liste-des-actualites\/#breadcrumb\"},\"inLanguage\":\"fr-FR\",\"potentialAction\":[{\"@type\":\"ReadAction\",\"target\":[\"https:\/\/famed.com.pl\/fr\/liste-des-actualites\/\"]}]},{\"@type\":\"BreadcrumbList\",\"@id\":\"https:\/\/famed.com.pl\/fr\/liste-des-actualites\/#breadcrumb\",\"itemListElement\":[{\"@type\":\"ListItem\",\"position\":1,\"name\":\"Strona g\u0142\u00f3wna\",\"item\":\"https:\/\/famed.com.pl\/fr\/\"},{\"@type\":\"ListItem\",\"position\":2,\"name\":\"Liste des actualit\u00e9s\"}]},{\"@type\":\"WebSite\",\"@id\":\"https:\/\/famed.com.pl\/#website\",\"url\":\"https:\/\/famed.com.pl\/\",\"name\":\"\",\"description\":\"Sto\u0142y operacyjne, \u0142\u00f3\u017cka ICU, \u0142\u00f3\u017cka porodowe\",\"publisher\":{\"@id\":\"https:\/\/famed.com.pl\/#organization\"},\"potentialAction\":[{\"@type\":\"SearchAction\",\"target\":{\"@type\":\"EntryPoint\",\"urlTemplate\":\"https:\/\/famed.com.pl\/?s={search_term_string}\"},\"query-input\":{\"@type\":\"PropertyValueSpecification\",\"valueRequired\":true,\"valueName\":\"search_term_string\"}}],\"inLanguage\":\"fr-FR\"},{\"@type\":\"Organization\",\"@id\":\"https:\/\/famed.com.pl\/#organization\",\"name\":\"Famed \u017bywiec\",\"url\":\"https:\/\/famed.com.pl\/\",\"logo\":{\"@type\":\"ImageObject\",\"inLanguage\":\"fr-FR\",\"@id\":\"https:\/\/famed.com.pl\/#\/schema\/logo\/image\/\",\"url\":\"https:\/\/famed.com.pl\/wp-content\/uploads\/2018\/01\/FAMED_logo_tagline_ZYWIEC_RGB.jpg\",\"contentUrl\":\"https:\/\/famed.com.pl\/wp-content\/uploads\/2018\/01\/FAMED_logo_tagline_ZYWIEC_RGB.jpg\",\"width\":1732,\"height\":664,\"caption\":\"Famed \u017bywiec\"},\"image\":{\"@id\":\"https:\/\/famed.com.pl\/#\/schema\/logo\/image\/\"},\"sameAs\":[\"https:\/\/www.facebook.com\/famedzywiec.spzoo\/\",\"https:\/\/x.com\/famedzywiec\",\"https:\/\/www.linkedin.com\/company\/394627\",\"https:\/\/www.youtube.com\/user\/famedzywiec\"]}]}<\/script>\n<!-- \/ Yoast SEO plugin. -->","yoast_head_json":{"title":"Liste des actualit\u00e9s | Famed \u017bywiec","robots":{"index":"index","follow":"follow","max-snippet":"max-snippet:-1","max-image-preview":"max-image-preview:large","max-video-preview":"max-video-preview:-1"},"canonical":"https:\/\/famed.com.pl\/fr\/liste-des-actualites\/","og_locale":"fr_FR","og_type":"article","og_title":"Liste des actualit\u00e9s | Famed \u017bywiec","og_url":"https:\/\/famed.com.pl\/fr\/liste-des-actualites\/","article_publisher":"https:\/\/www.facebook.com\/famedzywiec.spzoo\/","article_modified_time":"2020-05-20T11:16:27+00:00","twitter_card":"summary_large_image","twitter_site":"@famedzywiec","schema":{"@context":"https:\/\/schema.org","@graph":[{"@type":"WebPage","@id":"https:\/\/famed.com.pl\/fr\/liste-des-actualites\/","url":"https:\/\/famed.com.pl\/fr\/liste-des-actualites\/","name":"Liste des actualit\u00e9s | Famed \u017bywiec","isPartOf":{"@id":"https:\/\/famed.com.pl\/#website"},"datePublished":"2017-07-31T08:13:22+00:00","dateModified":"2020-05-20T11:16:27+00:00","breadcrumb":{"@id":"https:\/\/famed.com.pl\/fr\/liste-des-actualites\/#breadcrumb"},"inLanguage":"fr-FR","potentialAction":[{"@type":"ReadAction","target":["https:\/\/famed.com.pl\/fr\/liste-des-actualites\/"]}]},{"@type":"BreadcrumbList","@id":"https:\/\/famed.com.pl\/fr\/liste-des-actualites\/#breadcrumb","itemListElement":[{"@type":"ListItem","position":1,"name":"Strona g\u0142\u00f3wna","item":"https:\/\/famed.com.pl\/fr\/"},{"@type":"ListItem","position":2,"name":"Liste des actualit\u00e9s"}]},{"@type":"WebSite","@id":"https:\/\/famed.com.pl\/#website","url":"https:\/\/famed.com.pl\/","name":"","description":"Sto\u0142y operacyjne, \u0142\u00f3\u017cka ICU, \u0142\u00f3\u017cka porodowe","publisher":{"@id":"https:\/\/famed.com.pl\/#organization"},"potentialAction":[{"@type":"SearchAction","target":{"@type":"EntryPoint","urlTemplate":"https:\/\/famed.com.pl\/?s={search_term_string}"},"query-input":{"@type":"PropertyValueSpecification","valueRequired":true,"valueName":"search_term_string"}}],"inLanguage":"fr-FR"},{"@type":"Organization","@id":"https:\/\/famed.com.pl\/#organization","name":"Famed \u017bywiec","url":"https:\/\/famed.com.pl\/","logo":{"@type":"ImageObject","inLanguage":"fr-FR","@id":"https:\/\/famed.com.pl\/#\/schema\/logo\/image\/","url":"https:\/\/famed.com.pl\/wp-content\/uploads\/2018\/01\/FAMED_logo_tagline_ZYWIEC_RGB.jpg","contentUrl":"https:\/\/famed.com.pl\/wp-content\/uploads\/2018\/01\/FAMED_logo_tagline_ZYWIEC_RGB.jpg","width":1732,"height":664,"caption":"Famed \u017bywiec"},"image":{"@id":"https:\/\/famed.com.pl\/#\/schema\/logo\/image\/"},"sameAs":["https:\/\/www.facebook.com\/famedzywiec.spzoo\/","https:\/\/x.com\/famedzywiec","https:\/\/www.linkedin.com\/company\/394627","https:\/\/www.youtube.com\/user\/famedzywiec"]}]}},"_links":{"self":[{"href":"https:\/\/famed.com.pl\/fr\/wp-json\/wp\/v2\/pages\/5232","targetHints":{"allow":["GET"]}}],"collection":[{"href":"https:\/\/famed.com.pl\/fr\/wp-json\/wp\/v2\/pages"}],"about":[{"href":"https:\/\/famed.com.pl\/fr\/wp-json\/wp\/v2\/types\/page"}],"author":[{"embeddable":true,"href":"https:\/\/famed.com.pl\/fr\/wp-json\/wp\/v2\/users\/1"}],"replies":[{"embeddable":true,"href":"https:\/\/famed.com.pl\/fr\/wp-json\/wp\/v2\/comments?post=5232"}],"version-history":[{"count":2,"href":"https:\/\/famed.com.pl\/fr\/wp-json\/wp\/v2\/pages\/5232\/revisions"}],"predecessor-version":[{"id":9436,"href":"https:\/\/famed.com.pl\/fr\/wp-json\/wp\/v2\/pages\/5232\/revisions\/9436"}],"wp:attachment":[{"href":"https:\/\/famed.com.pl\/fr\/wp-json\/wp\/v2\/media?parent=5232"}],"curies":[{"name":"wp","href":"https:\/\/api.w.org\/{rel}","templated":true}]}}